{"id":14,"date":"2019-01-14T16:19:47","date_gmt":"2019-01-14T18:19:47","guid":{"rendered":"https:\/\/aasgestaocontabil.com.br\/?page_id=14"},"modified":"2025-02-20T14:41:03","modified_gmt":"2025-02-20T17:41:03","slug":"contato","status":"publish","type":"page","link":"https:\/\/aasgestaocontabil.com.br\/en\/contato\/","title":{"rendered":"Contact"},"content":{"rendered":"<div class=\"fusion-fullwidth fullwidth-box fusion-builder-row-1 fusion-flex-container nonhundred-percent-fullwidth non-hundred-percent-height-scrolling\" style=\"background-color: #f2f3f3;background-position: center center;background-repeat: no-repeat;border-width: 0px 0px 0px 0px;border-color:#ecefef;border-style:solid;\" ><div class=\"fusion-builder-row fusion-row fusion-flex-align-items-flex-start\" style=\"max-width:1206.4px;margin-left: calc(-4% \/ 2 );margin-right: calc(-4% \/ 2 );\"><div class=\"fusion-layout-column fusion_builder_column fusion-builder-column-0 fusion_builder_column_1_3 1_3 fusion-flex-column fusion-animated\" data-animationtype=\"fadeInLeft\" data-animationduration=\"0.8\" data-animationoffset=\"top-into-view\"><div class=\"fusion-column-wrapper fusion-flex-justify-content-center fusion-content-layout-column\" style=\"background-position:left top;background-repeat:no-repeat;-webkit-background-size:cover;-moz-background-size:cover;-o-background-size:cover;background-size:cover;padding: 0px 0px 0px 0px;\"><style type=\"text\/css\">@media only screen and (max-width:1024px) {.fusion-title.fusion-title-1{margin-top:0px!important; margin-right:0px!important;margin-bottom:20px!important;margin-left:0px!important;}}@media only screen and (max-width:640px) {.fusion-title.fusion-title-1{margin-top:0px!important; margin-right:0px!important;margin-bottom:20px!important; margin-left:0px!important;}}<\/style><div class=\"fusion-title title fusion-title-1 fusion-sep-none fusion-title-text fusion-title-size-one\" style=\"margin-top:0px;margin-right:0px;margin-bottom:20px;margin-left:0px;\"><h1 class=\"title-heading-left fusion-responsive-typography-calculated\" style=\"margin:0;--fontSize:60;line-height:1.25;\">Contact Us<\/h1><\/div><div class=\"fusion-text fusion-text-1\"><p><span style=\"font-size: 24px; line-height: 1.6em; letter-spacing: -1px;\">Count on us and enjoy a quality service, with confidence and ethics.<\/span><\/p>\n<\/div><div class=\"fusion-separator fusion-full-width-sep\" style=\"align-self: center;margin-left: auto;margin-right: auto;margin-top:25px;margin-bottom:30px;width:100%;\"><div class=\"fusion-separator-border sep-single sep-solid\" style=\"border-color:#e3e6e6;border-top-width:1px;\"><\/div><\/div><div class=\"fusion-text fusion-text-2\"><p><span style=\"font-size: 14px; font-weight: bold; letter-spacing: 2px;\">ADDRESS<\/span><\/p>\n<\/div><ul class=\"fusion-checklist fusion-checklist-1\" style=\"font-size:18px;line-height:30.6px;\"><li style=\"background-color:rgba(255,255,255,0);\" class=\"fusion-li-item\"><span style=\"height:30.6px;width:30.6px;margin-right:12.6px;\" class=\"icon-wrapper circle-no\"><i class=\"fusion-li-icon icon-crypto-home-solid\" style=\"color:#73020c;\" aria-hidden=\"true\"><\/i><\/span><div class=\"fusion-li-item-content\" style=\"margin-left:43.2px;color:#5c6770;\">\n<p>Rua Santa Erotildes, 385 &#8211; Osasco (SP) &#8211; CEP: 06298-060<\/p>\n<\/div><\/li><\/ul><div class=\"fusion-separator fusion-full-width-sep\" style=\"align-self: center;margin-left: auto;margin-right: auto;margin-top:30px;width:100%;\"><\/div><div class=\"fusion-text fusion-text-3\"><p><span style=\"font-size: 14px; font-weight: bold; letter-spacing: 2px;\">PHONE<\/span><\/p>\n<\/div><ul class=\"fusion-checklist fusion-checklist-2\" style=\"font-size:18px;line-height:30.6px;\"><li style=\"background-color:rgba(255,255,255,0);\" class=\"fusion-li-item\"><span style=\"height:30.6px;width:30.6px;margin-right:12.6px;\" class=\"icon-wrapper circle-no\"><i class=\"fusion-li-icon icon-crypto-phone-solid\" style=\"color:#73020c;\" aria-hidden=\"true\"><\/i><\/span><div class=\"fusion-li-item-content\" style=\"margin-left:43.2px;color:#5c6770;\">\n<p><a href=\"https:\/\/api.whatsapp.com\/send\/?phone=5511991111177&amp;text&amp;type=phone_number&amp;app_absent=0\">(11) 99111-1177<\/a><\/p>\n<\/div><\/li><\/ul><div class=\"fusion-separator fusion-full-width-sep\" style=\"align-self: center;margin-left: auto;margin-right: auto;margin-top:30px;width:100%;\"><\/div><div class=\"fusion-text fusion-text-4\"><p><span style=\"font-size: 14px; font-weight: bold; letter-spacing: 2px;\">E-MAIL<\/span><\/p>\n<\/div><ul class=\"fusion-checklist fusion-checklist-3\" style=\"font-size:18px;line-height:30.6px;\"><li style=\"background-color:rgba(255,255,255,0);\" class=\"fusion-li-item\"><span style=\"height:30.6px;width:30.6px;margin-right:12.6px;\" class=\"icon-wrapper circle-no\"><i class=\"fusion-li-icon icon-crypto-envelope-solid\" style=\"color:#73020c;\" aria-hidden=\"true\"><\/i><\/span><div class=\"fusion-li-item-content\" style=\"margin-left:43.2px;color:#5c6770;\">\n<p><a href=\"mailto:contato@aasgestaocontabil.com.br\">contato@aasgestaocontabil.com.br<\/a><\/p>\n<\/div><\/li><\/ul><div class=\"fusion-separator fusion-full-width-sep\" style=\"align-self: center;margin-left: auto;margin-right: auto;margin-top:30px;width:100%;\"><\/div><\/div><style type=\"text\/css\">.fusion-body .fusion-builder-column-0{width:33.333333333333% !important;margin-top : 25px;margin-bottom : 25px;}.fusion-builder-column-0 > .fusion-column-wrapper {padding-top : 0px !important;padding-right : 0px !important;margin-right : 5.76%;padding-bottom : 0px !important;padding-left : 0px !important;margin-left : 5.76%;}@media only screen and (max-width:1024px) {.fusion-body .fusion-builder-column-0{width:33.333333333333% !important;}.fusion-builder-column-0 > .fusion-column-wrapper {margin-right : 5.76%;margin-left : 5.76%;}}@media only screen and (max-width:640px) {.fusion-body .fusion-builder-column-0{width:100% !important;}.fusion-builder-column-0 > .fusion-column-wrapper {margin-right : 1.92%;margin-left : 1.92%;}}<\/style><\/div><div class=\"fusion-layout-column fusion_builder_column fusion-builder-column-1 fusion_builder_column_2_3 2_3 fusion-flex-column\"><div class=\"fusion-column-wrapper fusion-flex-justify-content-center fusion-content-layout-column\" style=\"background-position:left top;background-repeat:no-repeat;-webkit-background-size:cover;-moz-background-size:cover;-o-background-size:cover;background-size:cover;border-width: 0 0 0 0;border-color:rgba(14,16,26,0.07);border-style:solid;padding: 8% 10% 10% 10%;\"><div class=\"fusion-text fusion-text-5\">\n<div class=\"wpcf7 no-js\" id=\"wpcf7-f1176-o1\" lang=\"pt-BR\" dir=\"ltr\" data-wpcf7-id=\"1176\">\n<div class=\"screen-reader-response\"><p role=\"status\" aria-live=\"polite\" aria-atomic=\"true\"><\/p> <ul><\/ul><\/div>\n<form action=\"\/en\/wp-json\/wp\/v2\/pages\/14#wpcf7-f1176-o1\" method=\"post\" class=\"wpcf7-form init\" aria-label=\"Formul\u00e1rios de contato\" novalidate=\"novalidate\" data-status=\"init\" data-trp-original-action=\"\/en\/wp-json\/wp\/v2\/pages\/14#wpcf7-f1176-o1\">\n<fieldset class=\"hidden-fields-container\"><input type=\"hidden\" name=\"_wpcf7\" value=\"1176\" \/><input type=\"hidden\" name=\"_wpcf7_version\" value=\"6.1.5\" \/><input type=\"hidden\" name=\"_wpcf7_locale\" value=\"pt_BR\" \/><input type=\"hidden\" name=\"_wpcf7_unit_tag\" value=\"wpcf7-f1176-o1\" \/><input type=\"hidden\" name=\"_wpcf7_container_post\" value=\"0\" \/><input type=\"hidden\" name=\"_wpcf7_posted_data_hash\" value=\"\" \/>\n<\/fieldset>\n<p><label> Name<br \/>\n<span class=\"wpcf7-form-control-wrap\" data-name=\"your-name\"><input size=\"40\" maxlength=\"400\" class=\"wpcf7-form-control wpcf7-text wpcf7-validates-as-required\" aria-required=\"true\" aria-invalid=\"false\" value=\"\" type=\"text\" name=\"your-name\" \/><\/span> <\/label>\n<\/p>\n<p><label> E-mail<br \/>\n<span class=\"wpcf7-form-control-wrap\" data-name=\"your-email\"><input size=\"40\" maxlength=\"400\" class=\"wpcf7-form-control wpcf7-email wpcf7-validates-as-required wpcf7-text wpcf7-validates-as-email\" aria-required=\"true\" aria-invalid=\"false\" value=\"\" type=\"email\" name=\"your-email\" \/><\/span> <\/label>\n<\/p>\n<p><label> Subject<br \/>\n<span class=\"wpcf7-form-control-wrap\" data-name=\"your-subject\"><input size=\"40\" maxlength=\"400\" class=\"wpcf7-form-control wpcf7-text wpcf7-validates-as-required\" aria-required=\"true\" aria-invalid=\"false\" value=\"\" type=\"text\" name=\"your-subject\" \/><\/span> <\/label>\n<\/p>\n<p><label> Message<br \/>\n<span class=\"wpcf7-form-control-wrap\" data-name=\"your-message\"><textarea cols=\"40\" rows=\"10\" maxlength=\"2000\" class=\"wpcf7-form-control wpcf7-textarea\" aria-invalid=\"false\" name=\"your-message\"><\/textarea><\/span> <\/label>\n<\/p>\n<p><input class=\"wpcf7-form-control wpcf7-submit has-spinner\" type=\"submit\" value=\"Send\" \/>\n<\/p><div class=\"fusion-alert alert custom alert-custom fusion-alert-center wpcf7-response-output fusion-alert-capitalize alert-dismissable\" style=\"border-width:1px;\"><button type=\"button\" class=\"close toggle-alert\" data-dismiss=\"alert\" aria-label=\"Close\">&times;<\/button><div class=\"fusion-alert-content-wrapper\"><span class=\"fusion-alert-content\"><\/span><\/div><\/div>\n<input type=\"hidden\" name=\"trp-form-language\" value=\"en\"\/><\/form>\n<\/div>\n\n<\/div><div class=\"fusion-separator fusion-full-width-sep\" style=\"align-self: center;margin-left: auto;margin-right: auto;margin-top:25px;margin-bottom:25px;width:100%;\"><\/div><iframe src=\"https:\/\/www.google.com\/maps\/embed?pb=!1m18!1m12!1m3!1d3657.052335596236!2d-46.65179198445359!3d-23.56656376767085!2m3!1f0!2f0!3f0!3m2!1i1024!2i768!4f13.1!3m3!1m2!1s0x94ce59b8c32f0f1d%3A0xa9d29d8b6912ad8e!2sAv.%20Paulista%2C%20726%20-%20Bela%20Vista%2C%20S%C3%A3o%20Paulo%20-%20SP%2C%2001310-910!5e0!3m2!1spt-BR!2sbr!4v1629988076347!5m2!1spt-BR!2sbr\" width=\"600\" height=\"450\" style=\"border:0;\" allowfullscreen=\"\" loading=\"lazy\"><\/iframe><\/div><style type=\"text\/css\">.fusion-body .fusion-builder-column-1{width:66.666666666667% !important;margin-top : 25px;margin-bottom : 0px;}.fusion-builder-column-1 > .fusion-column-wrapper {padding-top : 8% !important;padding-right : 10% !important;margin-right : 2.88%;padding-bottom : 10% !important;padding-left : 10% !important;margin-left : 2.88%;}@media only screen and (max-width:1024px) {.fusion-body .fusion-builder-column-1{width:66.666666666667% !important;}.fusion-builder-column-1 > .fusion-column-wrapper {margin-right : 2.88%;margin-left : 2.88%;}}@media only screen and (max-width:640px) {.fusion-body .fusion-builder-column-1{width:100% !important;}.fusion-builder-column-1 > .fusion-column-wrapper {margin-right : 1.92%;margin-left : 1.92%;}}<\/style><\/div><\/div><style type=\"text\/css\">.fusion-body .fusion-flex-container.fusion-builder-row-1{ padding-top : 4%;margin-top : 0px;padding-right : 0px;padding-bottom : 4%;margin-bottom : 0px;padding-left : 0px;}<\/style><\/div>","protected":false},"excerpt":{"rendered":"","protected":false},"author":1,"featured_media":0,"parent":0,"menu_order":0,"comment_status":"closed","ping_status":"closed","template":"100-width.php","meta":{"footnotes":""},"class_list":["post-14","page","type-page","status-publish","hentry"],"yoast_head":"<!-- This site is optimized with the Yoast SEO plugin v27.4 - https:\/\/yoast.com\/product\/yoast-seo-wordpress\/ -->\n<title>Contato - AAS | Gest\u00e3o Cont\u00e1bil e Empresarial<\/title>\n<meta name=\"robots\" content=\"index, follow, max-snippet:-1, max-image-preview:large, max-video-preview:-1\" \/>\n<link rel=\"canonical\" href=\"https:\/\/aasgestaocontabil.com.br\/en\/contato\/\" \/>\n<meta property=\"og:locale\" content=\"en_US\" \/>\n<meta property=\"og:type\" content=\"article\" \/>\n<meta property=\"og:title\" content=\"Contato - AAS | Gest\u00e3o Cont\u00e1bil e Empresarial\" \/>\n<meta property=\"og:url\" content=\"https:\/\/aasgestaocontabil.com.br\/en\/contato\/\" \/>\n<meta property=\"og:site_name\" content=\"AAS | Gest\u00e3o Cont\u00e1bil e Empresarial\" \/>\n<meta property=\"article:modified_time\" content=\"2025-02-20T17:41:03+00:00\" \/>\n<meta name=\"twitter:card\" content=\"summary_large_image\" \/>\n<meta name=\"twitter:label1\" content=\"Est. reading time\" \/>\n\t<meta name=\"twitter:data1\" content=\"3 minutes\" \/>\n<script type=\"application\/ld+json\" class=\"yoast-schema-graph\">{\"@context\":\"https:\\\/\\\/schema.org\",\"@graph\":[{\"@type\":\"WebPage\",\"@id\":\"https:\\\/\\\/aasgestaocontabil.com.br\\\/contato\\\/\",\"url\":\"https:\\\/\\\/aasgestaocontabil.com.br\\\/contato\\\/\",\"name\":\"Contato - AAS | Gest\u00e3o Cont\u00e1bil e Empresarial\",\"isPartOf\":{\"@id\":\"https:\\\/\\\/aasgestaocontabil.com.br\\\/#website\"},\"datePublished\":\"2019-01-14T18:19:47+00:00\",\"dateModified\":\"2025-02-20T17:41:03+00:00\",\"breadcrumb\":{\"@id\":\"https:\\\/\\\/aasgestaocontabil.com.br\\\/contato\\\/#breadcrumb\"},\"inLanguage\":\"en-US\",\"potentialAction\":[{\"@type\":\"ReadAction\",\"target\":[\"https:\\\/\\\/aasgestaocontabil.com.br\\\/contato\\\/\"]}]},{\"@type\":\"BreadcrumbList\",\"@id\":\"https:\\\/\\\/aasgestaocontabil.com.br\\\/contato\\\/#breadcrumb\",\"itemListElement\":[{\"@type\":\"ListItem\",\"position\":1,\"name\":\"In\u00edcio\",\"item\":\"https:\\\/\\\/aasgestaocontabil.com.br\\\/\"},{\"@type\":\"ListItem\",\"position\":2,\"name\":\"Contato\"}]},{\"@type\":\"WebSite\",\"@id\":\"https:\\\/\\\/aasgestaocontabil.com.br\\\/#website\",\"url\":\"https:\\\/\\\/aasgestaocontabil.com.br\\\/\",\"name\":\"AAS | Gest\u00e3o Cont\u00e1bil e Empresarial\",\"description\":\"Site em Constru\u00e7\u00e3o\",\"potentialAction\":[{\"@type\":\"SearchAction\",\"target\":{\"@type\":\"EntryPoint\",\"urlTemplate\":\"https:\\\/\\\/aasgestaocontabil.com.br\\\/?s={search_term_string}\"},\"query-input\":{\"@type\":\"PropertyValueSpecification\",\"valueRequired\":true,\"valueName\":\"search_term_string\"}}],\"inLanguage\":\"en-US\"}]}<\/script>\n<!-- \/ Yoast SEO plugin. -->","yoast_head_json":{"title":"Contato - AAS | Gest\u00e3o Cont\u00e1bil e Empresarial","robots":{"index":"index","follow":"follow","max-snippet":"max-snippet:-1","max-image-preview":"max-image-preview:large","max-video-preview":"max-video-preview:-1"},"canonical":"https:\/\/aasgestaocontabil.com.br\/en\/contato\/","og_locale":"en_US","og_type":"article","og_title":"Contato - AAS | Gest\u00e3o Cont\u00e1bil e Empresarial","og_url":"https:\/\/aasgestaocontabil.com.br\/en\/contato\/","og_site_name":"AAS | Gest\u00e3o Cont\u00e1bil e Empresarial","article_modified_time":"2025-02-20T17:41:03+00:00","twitter_card":"summary_large_image","twitter_misc":{"Est. reading time":"3 minutes"},"schema":{"@context":"https:\/\/schema.org","@graph":[{"@type":"WebPage","@id":"https:\/\/aasgestaocontabil.com.br\/contato\/","url":"https:\/\/aasgestaocontabil.com.br\/contato\/","name":"Contato - AAS | Gest\u00e3o Cont\u00e1bil e Empresarial","isPartOf":{"@id":"https:\/\/aasgestaocontabil.com.br\/#website"},"datePublished":"2019-01-14T18:19:47+00:00","dateModified":"2025-02-20T17:41:03+00:00","breadcrumb":{"@id":"https:\/\/aasgestaocontabil.com.br\/contato\/#breadcrumb"},"inLanguage":"en-US","potentialAction":[{"@type":"ReadAction","target":["https:\/\/aasgestaocontabil.com.br\/contato\/"]}]},{"@type":"BreadcrumbList","@id":"https:\/\/aasgestaocontabil.com.br\/contato\/#breadcrumb","itemListElement":[{"@type":"ListItem","position":1,"name":"In\u00edcio","item":"https:\/\/aasgestaocontabil.com.br\/"},{"@type":"ListItem","position":2,"name":"Contato"}]},{"@type":"WebSite","@id":"https:\/\/aasgestaocontabil.com.br\/#website","url":"https:\/\/aasgestaocontabil.com.br\/","name":"AAS | Gest\u00e3o Cont\u00e1bil e Empresarial","description":"Site em Constru\u00e7\u00e3o","potentialAction":[{"@type":"SearchAction","target":{"@type":"EntryPoint","urlTemplate":"https:\/\/aasgestaocontabil.com.br\/?s={search_term_string}"},"query-input":{"@type":"PropertyValueSpecification","valueRequired":true,"valueName":"search_term_string"}}],"inLanguage":"en-US"}]}},"_links":{"self":[{"href":"https:\/\/aasgestaocontabil.com.br\/en\/wp-json\/wp\/v2\/pages\/14","targetHints":{"allow":["GET"]}}],"collection":[{"href":"https:\/\/aasgestaocontabil.com.br\/en\/wp-json\/wp\/v2\/pages"}],"about":[{"href":"https:\/\/aasgestaocontabil.com.br\/en\/wp-json\/wp\/v2\/types\/page"}],"author":[{"embeddable":true,"href":"https:\/\/aasgestaocontabil.com.br\/en\/wp-json\/wp\/v2\/users\/1"}],"replies":[{"embeddable":true,"href":"https:\/\/aasgestaocontabil.com.br\/en\/wp-json\/wp\/v2\/comments?post=14"}],"version-history":[{"count":24,"href":"https:\/\/aasgestaocontabil.com.br\/en\/wp-json\/wp\/v2\/pages\/14\/revisions"}],"predecessor-version":[{"id":1225,"href":"https:\/\/aasgestaocontabil.com.br\/en\/wp-json\/wp\/v2\/pages\/14\/revisions\/1225"}],"wp:attachment":[{"href":"https:\/\/aasgestaocontabil.com.br\/en\/wp-json\/wp\/v2\/media?parent=14"}],"curies":[{"name":"wp","href":"https:\/\/api.w.org\/{rel}","templated":true}]}}